{"id":193,"date":"2016-03-10T10:44:30","date_gmt":"2016-03-10T10:44:30","guid":{"rendered":"https:\/\/okthemes.com\/villenoirdarkdemo\/?page_id=193"},"modified":"2023-06-26T16:04:43","modified_gmt":"2023-06-26T16:04:43","slug":"homepage-2-2-2-2","status":"publish","type":"page","link":"https:\/\/toraliu.com\/en\/","title":{"rendered":"Tora Liu Wines"},"content":{"rendered":"<section class=\"wpb-content-wrapper\"><div class=\"vc_row wpb_row vc_row-fluid\"><div class=\"wpb_column vc_column_container vc_col-sm-12\"><div class=\"vc_column-inner\"><div class=\"wpb_wrapper\">\n\t<div class=\"wpb_text_column wpb_content_element\" >\n\t\t<div class=\"wpb_wrapper\">\n\t\t\t<p><iframe loading=\"lazy\" title=\"Vinos Tora Liu - Presentaci\u00f3n\" width=\"1170\" height=\"658\" src=\"https:\/\/www.youtube.com\/embed\/d_NGPxYLwnE?feature=oembed\" frameborder=\"0\" allow=\"accelerometer; autoplay; clipboard-write; encrypted-media; gyroscope; picture-in-picture; web-share\" allowfullscreen><\/iframe><\/p>\n\n\t\t<\/div>\n\t<\/div>\n<\/div><\/div><\/div><\/div><div class=\"vc_row wpb_row vc_row-fluid gg-force-background-left vc_custom_1636151324532 vc_row-has-fill vc_row-o-equal-height vc_row-o-content-middle vc_row-flex\"><div class=\"wpb_column vc_column_container vc_col-sm-12 vc_col-lg-6 vc_col-md-6 vc_col-has-fill\"><div class=\"vc_column-inner vc_custom_1681715416314\"><div class=\"wpb_wrapper\">\n\t<div  class=\"wpb_single_image wpb_content_element vc_align_left\">\n\t\t\n\t\t<figure class=\"wpb_wrapper vc_figure\">\n\t\t\t<div class=\"vc_single_image-wrapper   vc_box_border_grey\"><img loading=\"lazy\" decoding=\"async\" width=\"794\" height=\"949\" src=\"https:\/\/toraliu.com\/wp-content\/uploads\/2021\/11\/silhouette-man-normal-dark-v2.jpg\" class=\"vc_single_image-img attachment-full\" alt=\"\" title=\"silhouette-man-normal-dark-v2\" srcset=\"https:\/\/toraliu.com\/wp-content\/uploads\/2021\/11\/silhouette-man-normal-dark-v2.jpg 794w, https:\/\/toraliu.com\/wp-content\/uploads\/2021\/11\/silhouette-man-normal-dark-v2-600x717.jpg 600w\" sizes=\"auto, (max-width: 794px) 100vw, 794px\" \/><\/div>\n\t\t<\/figure>\n\t<\/div>\n<\/div><\/div><\/div><div class=\"wpb_column vc_column_container vc_col-sm-12 vc_col-lg-6 vc_col-md-6\"><div class=\"vc_column-inner vc_custom_1685118134413\"><div class=\"wpb_wrapper\">\n\t<div class=\"title-subtitle-box  vc_custom_1681713842475\" style=\" margin-bottom:90px; text-align: left;\">\n\t\t<p  style=\"\">For lovers of good Spanish wine<\/p>\n\t\t<h1 style=\" font-style: normal;\">A new generation of winegrowers<\/h1>\n\t<\/div> \n\t<div class=\"wpb_text_column wpb_content_element\" >\n\t\t<div class=\"wpb_wrapper\">\n\t\t\t<div class=\"flex flex-grow flex-col gap-3\">\n<div class=\"min-h-&#091;20px&#093; flex flex-col items-start gap-4 whitespace-pre-wrap\">\n<div class=\"markdown prose w-full break-words dark:prose-invert light\">\n<p>Welcome to the world of quality Spanish wines! We are pleased to introduce our new wine brand, focused on exporting and promoting Spanish wines worldwide.<\/p>\n<p>Our brand is dedicated to the production of high quality wines, using the best grapes from the most outstanding regions of Spain. Each bottle of our wine is carefully crafted with the utmost attention to detail, to ensure that our customers' highest expectations are met.<\/p>\n<p>We are proud to say that our wines have won awards in numerous national and international wine competitions and tastings. The quality of our wines is the result of the combination of tradition and technology, together with the commitment and passion to create exceptional wines.<\/p>\n<p>In our range of wines you will find varieties to suit all tastes, from robust and elegant red wines, to fresh and fruity white and ros\u00e9 wines. All our wines have a distinctive taste and reflect the unique characteristics of each region of Spain.<\/p>\n<p>In addition, we take our environmental and social responsibility very seriously. Therefore, we strive to minimize our impact on the environment and collaborate with social projects in the communities where we produce our wines.<\/p>\n<p>We would love to have the opportunity to share with you our quality Spanish wines and take you by the hand on a sensory journey through the flavors and aromas of Spain. We are convinced that our wines will not leave you indifferent and we look forward to being part of your culinary experiences and your most special celebrations. Cheers!<\/p>\n<\/div>\n<\/div>\n<\/div>\n\n\t\t<\/div>\n\t<\/div>\n\n\t<div  class=\"wpb_single_image wpb_content_element vc_align_left  vc_custom_1681713662507\">\n\t\t\n\t\t<figure class=\"wpb_wrapper vc_figure\">\n\t\t\t<div class=\"vc_single_image-wrapper   vc_box_border_grey\"><img loading=\"lazy\" decoding=\"async\" width=\"302\" height=\"99\" src=\"https:\/\/toraliu.com\/wp-content\/uploads\/2023\/04\/firma.png\" class=\"vc_single_image-img attachment-full\" alt=\"\" title=\"firma\" srcset=\"https:\/\/toraliu.com\/wp-content\/uploads\/2023\/04\/firma.png 302w, https:\/\/toraliu.com\/wp-content\/uploads\/2023\/04\/firma-300x98.png 300w, https:\/\/toraliu.com\/wp-content\/uploads\/2023\/04\/firma-18x6.png 18w\" sizes=\"auto, (max-width: 302px) 100vw, 302px\" \/><\/div>\n\t\t<\/figure>\n\t<\/div>\n<\/div><\/div><\/div><\/div><div class=\"vc_row wpb_row vc_row-fluid reverse_columns_mobile vc_row-o-equal-height vc_row-o-content-middle vc_row-flex\"><div class=\"wpb_column vc_column_container vc_col-sm-12 vc_col-lg-6 vc_col-md-6 vc_col-has-fill\"><div class=\"vc_column-inner vc_custom_1460369675064\"><div class=\"wpb_wrapper\">\n\t<div  class=\"wpb_single_image wpb_content_element vc_align_center\">\n\t\t\n\t\t<figure class=\"wpb_wrapper vc_figure\">\n\t\t\t<div class=\"vc_single_image-wrapper   vc_box_border_grey\"><img loading=\"lazy\" decoding=\"async\" width=\"32\" height=\"44\" src=\"https:\/\/toraliu.com\/wp-content\/uploads\/2016\/03\/grape-icn.png\" class=\"vc_single_image-img attachment-full\" alt=\"\" title=\"grape-icn\" \/><\/div>\n\t\t<\/figure>\n\t<\/div>\n\n\t<div class=\"title-subtitle-box  vc_custom_1685118093856\" style=\" margin-bottom:90px; text-align: center;\">\n\t\t<p  style=\" color:#cebc9e; \">Current crop<\/p>\n\t\t<h1 style=\" color:#ffffff;  font-style: normal;\">Each season we incorporate new wines of excellent quality.<\/h1>\n\t<\/div> <\/div><\/div><\/div><div class=\"wpb_column vc_column_container vc_col-sm-12 vc_col-lg-6 vc_col-md-6 vc_col-has-fill\"><div class=\"vc_column-inner vc_custom_1687795482368\"><div class=\"wpb_wrapper\"><div class=\"vc_empty_space\"   style=\"height: 500px\"><span class=\"vc_empty_space_inner\"><\/span><\/div><\/div><\/div><\/div><\/div><div data-vc-full-width=\"true\" data-vc-full-width-init=\"false\" data-vc-stretch-content=\"true\" class=\"vc_row wpb_row vc_row-fluid vc_custom_1635861324946 vc_row-has-fill vc_row-no-padding vc_row-o-equal-height vc_row-o-content-middle vc_row-flex\"><div class=\"wpb_column vc_column_container vc_col-sm-7 vc_col-lg-8 vc_col-md-8\"><div class=\"vc_column-inner vc_custom_1460370683208\"><div class=\"wpb_wrapper\">\n\t<div  class=\"wpb_single_image wpb_content_element vc_align_left   force-90-width-large-screen\">\n\t\t\n\t\t<figure class=\"wpb_wrapper vc_figure\">\n\t\t\t<div class=\"vc_single_image-wrapper   vc_box_border_grey\"><img loading=\"lazy\" decoding=\"async\" width=\"807\" height=\"253\" src=\"https:\/\/toraliu.com\/wp-content\/uploads\/2023\/05\/vino1.png\" class=\"vc_single_image-img attachment-full\" alt=\"\" title=\"vino1\" srcset=\"https:\/\/toraliu.com\/wp-content\/uploads\/2023\/05\/vino1.png 807w, https:\/\/toraliu.com\/wp-content\/uploads\/2023\/05\/vino1-600x188.png 600w, https:\/\/toraliu.com\/wp-content\/uploads\/2023\/05\/vino1-300x94.png 300w, https:\/\/toraliu.com\/wp-content\/uploads\/2023\/05\/vino1-768x241.png 768w, https:\/\/toraliu.com\/wp-content\/uploads\/2023\/05\/vino1-18x6.png 18w\" sizes=\"auto, (max-width: 807px) 100vw, 807px\" \/><\/div>\n\t\t<\/figure>\n\t<\/div>\n<div class=\"vc_row wpb_row vc_inner vc_row-fluid\"><div class=\"wpb_column vc_column_container vc_col-sm-6\"><div class=\"vc_column-inner\"><div class=\"wpb_wrapper\">\n\t<div class=\"counter-holder media\" style=\"text-align:center;   \">\n\t\t\t<div class=\"counter-content media-body\">\n\t\t\t\t<span style=\" font-size:60px;\" class=\"counter\" data-number=\"2018\" data-interval=\"100\" data-speed=\"1500\">2018<\/span>\n\t\t\t\t<p >Year<\/p>\n\t\t\t<\/div>\n\t<\/div> <\/div><\/div><\/div><div class=\"wpb_column vc_column_container vc_col-sm-6\"><div class=\"vc_column-inner\"><div class=\"wpb_wrapper\">\n\t<div class=\"counter-holder media\" style=\"text-align:center;   \">\n\t\t\t<div class=\"counter-content media-body\">\n\t\t\t\t<span style=\" font-size:60px;\" class=\"counter\" data-number=\"6000\" data-interval=\"100\" data-speed=\"1500\">6000<\/span>\n\t\t\t\t<p >Production<\/p>\n\t\t\t<\/div>\n\t<\/div> <\/div><\/div><\/div><\/div><\/div><\/div><\/div><div class=\"wpb_column vc_column_container vc_col-sm-5 vc_col-lg-4 vc_col-md-4 vc_col-has-fill\"><div class=\"vc_column-inner vc_custom_1635861506720\"><div class=\"wpb_wrapper\">\n\t<div class=\"title-subtitle-box\" style=\" text-align: left;\">\n\t\t<p  style=\"\">Red - D. O. TORO<\/p>\n\t\t<h2 style=\" font-style: normal;\">Winter Sun<\/h2>\n\t<\/div> \n\t<div class=\"gg_list list_style_line\">\n<ul>\n<li>D.O. Toro ( Espa\u00f1a )<\/li>\n<\/ul>\n<\/div><div class=\"vc_btn3-container vc_btn3-inline vc_custom_1685120747161\" ><a style=\"background-color:#b0976d; color:#ffffff;\" class=\"vc_general vc_btn3 vc_btn3-size-md vc_btn3-shape-square vc_btn3-style-custom\" href=\"https:\/\/toraliu.com\/en\/product\/sol-de-invierno\/\" title=\"\">Buy<\/a><\/div><\/div><\/div><\/div><\/div><div class=\"vc_row-full-width vc_clearfix\"><\/div><div data-vc-full-width=\"true\" data-vc-full-width-init=\"false\" data-vc-stretch-content=\"true\" class=\"vc_row wpb_row vc_row-fluid vc_custom_1635861351885 reverse_columns_mobile vc_row-has-fill vc_row-no-padding vc_row-o-equal-height vc_row-o-content-middle vc_row-flex\"><div class=\"wpb_column vc_column_container vc_col-sm-5 vc_col-lg-4 vc_col-md-4 vc_col-has-fill\"><div class=\"vc_column-inner vc_custom_1635861520618\"><div class=\"wpb_wrapper\">\n\t<div class=\"title-subtitle-box\" style=\" text-align: left;\">\n\t\t<p  style=\"\">Red - D. O. TORO<\/p>\n\t\t<h2 style=\" font-style: normal;\">Spring Butterfly<\/h2>\n\t<\/div> \n\t<div class=\"gg_list list_style_line\">\n<ul>\n<li>D.O. Toro ( Espa\u00f1a )<\/li>\n<\/ul>\n<\/div><div class=\"vc_btn3-container vc_btn3-inline vc_custom_1685120738875\" ><a style=\"background-color:#b0976d; color:#ffffff;\" class=\"vc_general vc_btn3 vc_btn3-size-md vc_btn3-shape-square vc_btn3-style-custom\" href=\"https:\/\/toraliu.com\/en\/product\/sol-de-otono\/\" title=\"\">Buy<\/a><\/div><\/div><\/div><\/div><div class=\"wpb_column vc_column_container vc_col-sm-7 vc_col-lg-8 vc_col-md-8\"><div class=\"vc_column-inner vc_custom_1460370664276\"><div class=\"wpb_wrapper\">\n\t<div  class=\"wpb_single_image wpb_content_element vc_align_right   force-90-width-large-screen\">\n\t\t\n\t\t<figure class=\"wpb_wrapper vc_figure\">\n\t\t\t<div class=\"vc_single_image-wrapper   vc_box_border_grey\"><img loading=\"lazy\" decoding=\"async\" width=\"807\" height=\"253\" src=\"https:\/\/toraliu.com\/wp-content\/uploads\/2023\/05\/vino2.png\" class=\"vc_single_image-img attachment-full\" alt=\"\" title=\"vino2\" srcset=\"https:\/\/toraliu.com\/wp-content\/uploads\/2023\/05\/vino2.png 807w, https:\/\/toraliu.com\/wp-content\/uploads\/2023\/05\/vino2-600x188.png 600w, https:\/\/toraliu.com\/wp-content\/uploads\/2023\/05\/vino2-300x94.png 300w, https:\/\/toraliu.com\/wp-content\/uploads\/2023\/05\/vino2-768x241.png 768w, https:\/\/toraliu.com\/wp-content\/uploads\/2023\/05\/vino2-18x6.png 18w\" sizes=\"auto, (max-width: 807px) 100vw, 807px\" \/><\/div>\n\t\t<\/figure>\n\t<\/div>\n<div class=\"vc_row wpb_row vc_inner vc_row-fluid\"><div class=\"wpb_column vc_column_container vc_col-sm-6\"><div class=\"vc_column-inner\"><div class=\"wpb_wrapper\">\n\t<div class=\"counter-holder media\" style=\"text-align:center;   \">\n\t\t\t<div class=\"counter-content media-body\">\n\t\t\t\t<span style=\" font-size:60px;\" class=\"counter\" data-number=\"2022\" data-interval=\"100\" data-speed=\"1500\">2022<\/span>\n\t\t\t\t<p >Year<\/p>\n\t\t\t<\/div>\n\t<\/div> <\/div><\/div><\/div><div class=\"wpb_column vc_column_container vc_col-sm-6\"><div class=\"vc_column-inner\"><div class=\"wpb_wrapper\">\n\t<div class=\"counter-holder media\" style=\"text-align:center;   \">\n\t\t\t<div class=\"counter-content media-body\">\n\t\t\t\t<span style=\" font-size:60px;\" class=\"counter\" data-number=\"9024\" data-interval=\"100\" data-speed=\"1500\">9024<\/span>\n\t\t\t\t<p >Production<\/p>\n\t\t\t<\/div>\n\t<\/div> <\/div><\/div><\/div><\/div><\/div><\/div><\/div><\/div><div class=\"vc_row-full-width vc_clearfix\"><\/div><div class=\"vc_row wpb_row vc_row-fluid vc_custom_1617302734517 vc_row-o-equal-height vc_row-o-content-middle vc_row-flex\"><div class=\"wpb_column vc_column_container vc_col-sm-12 vc_col-lg-6 vc_col-md-6 vc_col-has-fill\"><div class=\"vc_column-inner vc_custom_1685116779230\"><div class=\"wpb_wrapper\"><div class=\"vc_empty_space\"   style=\"height: 500px\"><span class=\"vc_empty_space_inner\"><\/span><\/div><\/div><\/div><\/div><div class=\"wpb_column vc_column_container vc_col-sm-12 vc_col-lg-6 vc_col-md-6 vc_col-has-fill\"><div class=\"vc_column-inner vc_custom_1635861740075\"><div class=\"wpb_wrapper\">\n\t<div class=\"title-subtitle-box  vc_custom_1685117567412\" style=\" margin-bottom:90px; text-align: center;\">\n\t\t<p  style=\"\">Our winery<\/p>\n\t\t<h1 style=\" font-style: normal;\">Oak Barrels<\/h1>\n\t<\/div> \n\t<div class=\"wpb_text_column wpb_content_element  vc_custom_1685117641836\" >\n\t\t<div class=\"wpb_wrapper\">\n\t\t\t<p style=\"text-align: center;\">Our wines mature in French and American oak barrels, waiting to be bottled and reach our customers.<\/p>\n\n\t\t<\/div>\n\t<\/div>\n<\/div><\/div><\/div><\/div>\n<\/section>","protected":false},"excerpt":{"rendered":"Para amantes del buen vino espa\u00f1ol Una nueva generaci\u00f3n de viticultores \u00a1Bienvenidos al mundo de los vinos espa\u00f1oles de calidad! Nos complace presentarles nuestra nueva marca de vinos, enfocada en la exportaci\u00f3n y la promoci\u00f3n de los vinos espa\u00f1oles en todo el mundo. Nuestra marca se dedica a la elaboraci\u00f3n de vinos de alta calidad,<br class=\"read-more-spacer\"> <a class=\"more-link\" href=\"https:\/\/toraliu.com\/en\/\">Read More<\/a>","protected":false},"author":1,"featured_media":0,"parent":0,"menu_order":0,"comment_status":"closed","ping_status":"closed","template":"","meta":{"footnotes":""},"class_list":["post-193","page","type-page","status-publish","hentry"],"acf":[],"yoast_head":"<!-- This site is optimized with the Yoast SEO Premium plugin v20.3 (Yoast SEO v27.3) - https:\/\/yoast.com\/product\/yoast-seo-premium-wordpress\/ -->\n<title>Tora Liu Wines - Vinos Tora Liu<\/title>\n<meta name=\"robots\" content=\"index, follow, max-snippet:-1, max-image-preview:large, max-video-preview:-1\" \/>\n<link rel=\"canonical\" href=\"https:\/\/toraliu.com\/en\/\" \/>\n<meta property=\"og:locale\" content=\"en_GB\" \/>\n<meta property=\"og:type\" content=\"article\" \/>\n<meta property=\"og:title\" content=\"Tora Liu Wines\" \/>\n<meta property=\"og:url\" content=\"https:\/\/toraliu.com\/en\/\" \/>\n<meta property=\"og:site_name\" content=\"Vinos Tora Liu\" \/>\n<meta property=\"article:modified_time\" content=\"2023-06-26T16:04:43+00:00\" \/>\n<meta name=\"twitter:card\" content=\"summary_large_image\" \/>\n<meta name=\"twitter:label1\" content=\"Estimated reading time\" \/>\n\t<meta name=\"twitter:data1\" content=\"3 minutes\" \/>\n<script type=\"application\/ld+json\" class=\"yoast-schema-graph\">{\"@context\":\"https:\\\/\\\/schema.org\",\"@graph\":[{\"@type\":\"WebPage\",\"@id\":\"https:\\\/\\\/toraliu.com\\\/\",\"url\":\"https:\\\/\\\/toraliu.com\\\/\",\"name\":\"Tora Liu Wines - Vinos Tora Liu\",\"isPartOf\":{\"@id\":\"https:\\\/\\\/toraliu.com\\\/#website\"},\"datePublished\":\"2016-03-10T10:44:30+00:00\",\"dateModified\":\"2023-06-26T16:04:43+00:00\",\"breadcrumb\":{\"@id\":\"https:\\\/\\\/toraliu.com\\\/#breadcrumb\"},\"inLanguage\":\"en-GB\",\"potentialAction\":[{\"@type\":\"ReadAction\",\"target\":[\"https:\\\/\\\/toraliu.com\\\/\"]}]},{\"@type\":\"BreadcrumbList\",\"@id\":\"https:\\\/\\\/toraliu.com\\\/#breadcrumb\",\"itemListElement\":[{\"@type\":\"ListItem\",\"position\":1,\"name\":\"Home\",\"item\":\"https:\\\/\\\/toraliu.com\\\/\"},{\"@type\":\"ListItem\",\"position\":2,\"name\":\"Tora Liu Wines\"}]},{\"@type\":\"WebSite\",\"@id\":\"https:\\\/\\\/toraliu.com\\\/#website\",\"url\":\"https:\\\/\\\/toraliu.com\\\/\",\"name\":\"Vinos Tora Liu\",\"description\":\"La mejor selecci\u00f3n de vinos espa\u00f1oles\",\"potentialAction\":[{\"@type\":\"SearchAction\",\"target\":{\"@type\":\"EntryPoint\",\"urlTemplate\":\"https:\\\/\\\/toraliu.com\\\/?s={search_term_string}\"},\"query-input\":{\"@type\":\"PropertyValueSpecification\",\"valueRequired\":true,\"valueName\":\"search_term_string\"}}],\"inLanguage\":\"en-GB\"}]}<\/script>\n<!-- \/ Yoast SEO Premium plugin. -->","yoast_head_json":{"title":"Tora Liu Wines - Vinos Tora Liu","robots":{"index":"index","follow":"follow","max-snippet":"max-snippet:-1","max-image-preview":"max-image-preview:large","max-video-preview":"max-video-preview:-1"},"canonical":"https:\/\/toraliu.com\/en\/","og_locale":"en_GB","og_type":"article","og_title":"Tora Liu Wines","og_url":"https:\/\/toraliu.com\/en\/","og_site_name":"Vinos Tora Liu","article_modified_time":"2023-06-26T16:04:43+00:00","twitter_card":"summary_large_image","twitter_misc":{"Estimated reading time":"3 minutes"},"schema":{"@context":"https:\/\/schema.org","@graph":[{"@type":"WebPage","@id":"https:\/\/toraliu.com\/","url":"https:\/\/toraliu.com\/","name":"Tora Liu Wines - Vinos Tora Liu","isPartOf":{"@id":"https:\/\/toraliu.com\/#website"},"datePublished":"2016-03-10T10:44:30+00:00","dateModified":"2023-06-26T16:04:43+00:00","breadcrumb":{"@id":"https:\/\/toraliu.com\/#breadcrumb"},"inLanguage":"en-GB","potentialAction":[{"@type":"ReadAction","target":["https:\/\/toraliu.com\/"]}]},{"@type":"BreadcrumbList","@id":"https:\/\/toraliu.com\/#breadcrumb","itemListElement":[{"@type":"ListItem","position":1,"name":"Home","item":"https:\/\/toraliu.com\/"},{"@type":"ListItem","position":2,"name":"Tora Liu Wines"}]},{"@type":"WebSite","@id":"https:\/\/toraliu.com\/#website","url":"https:\/\/toraliu.com\/","name":"Tora Liu Wines","description":"La mejor selecci\u00f3n de vinos espa\u00f1oles","potentialAction":[{"@type":"SearchAction","target":{"@type":"EntryPoint","urlTemplate":"https:\/\/toraliu.com\/?s={search_term_string}"},"query-input":{"@type":"PropertyValueSpecification","valueRequired":true,"valueName":"search_term_string"}}],"inLanguage":"en-GB"}]}},"_links":{"self":[{"href":"https:\/\/toraliu.com\/en\/wp-json\/wp\/v2\/pages\/193","targetHints":{"allow":["GET"]}}],"collection":[{"href":"https:\/\/toraliu.com\/en\/wp-json\/wp\/v2\/pages"}],"about":[{"href":"https:\/\/toraliu.com\/en\/wp-json\/wp\/v2\/types\/page"}],"author":[{"embeddable":true,"href":"https:\/\/toraliu.com\/en\/wp-json\/wp\/v2\/users\/1"}],"replies":[{"embeddable":true,"href":"https:\/\/toraliu.com\/en\/wp-json\/wp\/v2\/comments?post=193"}],"version-history":[{"count":42,"href":"https:\/\/toraliu.com\/en\/wp-json\/wp\/v2\/pages\/193\/revisions"}],"predecessor-version":[{"id":3155,"href":"https:\/\/toraliu.com\/en\/wp-json\/wp\/v2\/pages\/193\/revisions\/3155"}],"wp:attachment":[{"href":"https:\/\/toraliu.com\/en\/wp-json\/wp\/v2\/media?parent=193"}],"curies":[{"name":"wp","href":"https:\/\/api.w.org\/{rel}","templated":true}]}}