{"id":3123,"date":"2023-06-01T07:04:06","date_gmt":"2023-06-01T07:04:06","guid":{"rendered":"https:\/\/toraliu.com\/?page_id=3123"},"modified":"2023-06-01T07:54:09","modified_gmt":"2023-06-01T07:54:09","slug":"politica-de-privacidad-2","status":"publish","type":"page","link":"https:\/\/toraliu.com\/en\/politica-de-privacidad-2\/","title":{"rendered":"Privacy Policy"},"content":{"rendered":"<p>The Owner informs you about its Privacy Policy regarding the processing and protection of personal data of users and customers that may be collected while browsing, buying a product or hiring a service through the Web Site: https:\/\/toraliu.com<\/p>\n\n\n\n<p>In this regard, the Holder guarantees compliance with current regulations on the protection of personal data, reflected in the Organic Law 3\/2018 of December 5, 2018, on the Protection of Personal Data and the Guarantee of Digital Rights (LOPD GDD). It also complies with Regulation (EU) 2016\/679 of the European Parliament and of the Council of 27 April 2016 on the protection of natural persons (GDPR).<\/p>\n\n\n\n<p>The use of the Web site implies the acceptance of this Privacy Policy as well as the conditions included in the Legal Notice.<br>Identity of the Responsible<\/p>\n\n\n\n<pre class=\"wp-block-code\"><code>Responsible: Bodegas Tierras de Sol SL.\nNIF: B10992873\nAddress: DS POL 73 - PAR 374 SN CH - TORRE DEL RICO - 30529 JUMILLA (MURCIA), Murcia - Spain.\nE-mail: info@toraliu.com\nWeb Site: https:\/\/toraliu.com<\/code><\/pre>\n\n\n\n<p>Principles applied in data processing<\/p>\n\n\n\n<p>In processing your personal data, the Data Controller will apply the following principles that comply with the requirements of the new European Data Protection Regulation (GDPR):<\/p>\n\n\n\n<pre class=\"wp-block-code\"><code>Principle of lawfulness, fairness and transparency: The Data Controller will always require consent for the processing of personal data, which may be for one or more specific purposes about which the Data Controller will inform the User beforehand with absolute transparency.\nPrinciple of data minimization: The Holder shall request only the data strictly necessary for the purpose or purposes for which it is requested.\nPrinciple of limitation of the retention period: The Data Controller shall keep the personal data collected for the time strictly necessary for the purpose or purposes of the processing. The Data Controller shall inform the User of the corresponding retention period according to the purpose.\nIn the case of subscriptions, the Data Controller shall periodically review the lists and delete those records that have been inactive for a considerable period of time.\nPrinciple of integrity and confidentiality: The personal data collected will be treated in such a way that their security, confidentiality and integrity is guaranteed.\nThe Holder takes the necessary precautions to prevent unauthorized access or misuse of the data of its users by third parties.<\/code><\/pre>\n\n\n\n<p>Collection of personal data<\/p>\n\n\n\n<p>You do not need to provide any personal information to browse the Web site.<\/p>\n\n\n\n<p>The cases in which you do provide your personal data are the following:<\/p>\n\n\n\n<pre class=\"wp-block-code\"><code>When contacting through the contact forms or sending an email.\nWhen commenting on an article or a page.\nWhen buying a product or contracting a service.<\/code><\/pre>\n\n\n\n<p>Rights<\/p>\n\n\n\n<p>The Holder informs you that about your personal data you have the right to:<\/p>\n\n\n\n<pre class=\"wp-block-code\"><code>Request access to stored data.\nRequest rectification or deletion.\nRequest the limitation of its processing.\nOppose the processing.<\/code><\/pre>\n\n\n\n<p>You may not exercise your right to data portability.<\/p>\n\n\n\n<p>The exercise of these rights is personal and therefore must be exercised directly by the interested party, requesting it directly to the Data Controller, which means that any customer, subscriber or collaborator who has provided their data at any time, can contact the Data Controller and request information about the data stored and how it has been obtained, request the rectification of the same, oppose the treatment, limit its use or request the deletion of such data in the files of the Data Controller.<\/p>\n\n\n\n<p>To exercise your rights, please send your request together with a photocopy of your National Identity Card or equivalent to the following e-mail address: info@toraliu.com.<\/p>\n\n\n\n<p>The exercise of these rights does not include any data that the Data Controller is obliged to retain for administrative, legal or security purposes.<\/p>\n\n\n\n<p>You have the right to effective judicial protection and to file a complaint before the supervisory authority, in this case, the Spanish Data Protection Agency, if you consider that the processing of personal data concerning you violates the Regulation.<br>Purpose of personal data processing<\/p>\n\n\n\n<p>When you connect to the Website to send an email to the Owner, write a comment on an article or a page, subscribe to its newsletter or purchase a product or service, you are providing personal information for which the Owner is responsible. This information may include personal data such as your IP address, first and last name, physical address, email address, telephone number, and other information. By providing this information, you consent to your information being collected, used, managed and stored by - Ionos - only as described in the pages:<\/p>\n\n\n\n<pre class=\"wp-block-code\"><code>Legal Notice\nPrivacy Policy<\/code><\/pre>\n\n\n\n<p>The personal data and the purpose of the processing by the Holder is different depending on the information capture system:<\/p>\n\n\n\n<pre class=\"wp-block-code\"><code>Contact forms: The Proprietor requests personal data which may include: name and surname, email address, telephone number and website address in order to answer Users' queries, provide information and demonstrations of the Proprietor's products and services, including budgets.\nFor example, the Holder uses such data to respond to messages, doubts, complaints, comments or concerns that Users may have regarding the information included on the Website, the products and services provided through the Website, the processing of personal data, questions concerning the legal texts included on the Website, as well as any other query that the User may have and that is not subject to the conditions of the Website or the terms and conditions of contract.\nComment forms: The Holder requests personal data among which may be: name and surname, email address, and Web site address in order to respond to User comments.\nForms for contracting products or services: The Holder requests personal data among which may be: name and surname, identity document (tax identification number, foreigner identification number, passport or residence permit), email address, postal address, telephone number and payment details (payment methods or bank details) in order to maintain a business relationship with the User, to carry out the shipment of orders, to provide the contracted services and to perform the billing and collection of the contracted products or services.<\/code><\/pre>\n\n\n\n<p>There are other purposes for which the Data Controller processes personal data:<\/p>\n\n\n\n<pre class=\"wp-block-code\"><code>To ensure compliance with the conditions set out in the Legal Notice page and applicable law. This may include the development of tools and algorithms to help the Website ensure the confidentiality of the personal data it collects.\nTo support and improve the services offered by this Website.\nTo analyze user navigation. The Owner collects other non-identifying data obtained through the use of cookies that are downloaded to the User's computer when browsing the Website whose characteristics and purpose are detailed in the Cookies Policy page.\n\nTo manage social networks. The Owner has a presence on social networks. If you become a follower on the social networks of the Holder the processing of personal data will be governed by this section, as well as by those conditions of use, privacy policies and access regulations that belong to the social network that applies in each case and that you have previously accepted.\nYou can consult the privacy policies of the main social networks in these links:\n\n    Facebook\n    Twitter\n    Linkedin\n    YouTube\n    Instagram\n\nThe Holder will process your personal data in order to properly manage your presence in the social network, inform you of its activities, products or services, as well as for any other purpose that the regulations of social networks allow.\n\nIn no case will the Holder use the profiles of followers in social networks to send advertising individually.<\/code><\/pre>\n\n\n\n<p>Personal data security<\/p>\n\n\n\n<p>To protect your personal data, the Data Controller takes all reasonable precautions and follows industry best practices to prevent its loss, misuse, improper access, disclosure, alteration or destruction.<\/p>\n\n\n\n<p>The Web site is hosted by: Ionos. The security of the data is guaranteed, as they take all the necessary security measures to do so. You can consult their privacy policy for more information.<\/p>\n\n\n\n<p>The Owner informs the User that their personal data will not be disclosed to third party organizations, except that such transfer of data is covered by a legal obligation or when the provision of a service implies the need for a contractual relationship with a processor. In the latter case, the transfer of data to the third party will only be carried out when the Owner has the express consent of the User.<\/p>\n\n\n\n<p>However, in some cases, collaborations with other professionals may be carried out, in such cases, the User's consent will be required, informing the identity of the collaborator and the purpose of the collaboration. It will always be carried out with the strictest security standards.<br>Contenido de otros sitios web<\/p>\n\n\n\n<p>Pages on this website may include embedded content (e.g., videos, images, articles, etc.). Embedded content from other websites behaves in exactly the same way as if you had visited the other website.<\/p>\n\n\n\n<p>These Web sites may collect data about you, use cookies, embed additional third-party tracking code, and monitor your interaction using this code.<br>Cookies Policy<\/p>\n\n\n\n<p>In order for this Web site to function properly it needs to use cookies, which is information that is stored in your Web browser.<\/p>\n\n\n\n<p>You can consult all the information related to the policy of collection and treatment of cookies on the Cookies Policy page.<\/p>\n\n\n\n<p>Legitimation for data processing<\/p>\n\n\n\n<p>The legal basis for the processing of your data is:<\/p>\n\n\n\n<pre class=\"wp-block-code\"><code>The consent of the data subject.\nExecution of the contract or the implementation of pre-contractual measures with the data subject, in order to provide him\/her with a product or service purchased from the Data Subject.\nTo comply with legal obligations.<\/code><\/pre>\n\n\n\n<p>Categories of personal data<\/p>\n\n\n\n<p>The categories of personal data processed by the Data Controller are:<\/p>\n\n\n\n<pre class=\"wp-block-code\"><code>Identifying data.\nNo specially protected categories of data are processed.<\/code><\/pre>\n\n\n\n<p>Retention of personal data<\/p>\n\n\n\n<p>The personal data provided to the Data Subject will be kept until he\/she requests its deletion.<br>Recipients of personal data<\/p>\n\n\n\n<pre class=\"wp-block-code\"><code>Google Analytics is a web analytics service provided by Google, Inc. a Delaware company headquartered at 1600 Amphitheatre Parkway, Mountain View (California), CA 94043, United States (\"Google\").\nGoogle Analytics uses \"cookies\", which are text files placed on your computer, to help the Owner analyze how Users use the Website. The information generated by the cookie about your use of the website (including your IP address) will be transmitted to and stored by Google on servers in the United States.\nMore information at: https:\/\/analytics.google.com<\/code><\/pre>\n\n\n\n<p>You can read about how Google manages privacy regarding the use of cookies and other information on Google's Privacy Policy page: https:\/\/policies.google.com\/privacy?hl=es.<\/p>\n\n\n\n<p>You can also see a list of the types of cookies used by Google and its partners and all information regarding their use of advertising cookies at:<\/p>\n\n\n\n<pre class=\"wp-block-code\"><code>Types of cookies used by Google\nHow Google uses cookies in advertising.<\/code><\/pre>\n\n\n\n<p>Web Browsing<\/p>\n\n\n\n<p>As you browse the Website, non-identifying data may be collected, which may include, IP address, geolocation, a record of how services and sites are used, browsing habits and other data that cannot be used to identify you.<\/p>\n\n\n\n<p>The Web site uses the following third-party analytics services:<\/p>\n\n\n\n<pre class=\"wp-block-code\"><code>Google Analytics.<\/code><\/pre>\n\n\n\n<p>The Owner uses the information obtained to obtain statistical data, analyze trends, administer the site, study browsing patterns and to gather demographic information.<\/p>\n\n\n\n<p>The Holder is not responsible for the processing of personal data by websites that you can access through the various links contained in the Website.<br>Accuracy and veracity of personal data<\/p>\n\n\n\n<p>You agree that the data provided to the Holder are correct, complete, accurate and current, as well as to keep them duly updated.<\/p>\n\n\n\n<p>As User of the Website is solely responsible for the accuracy and correctness of the data submitted to the Website exonerating the Holder of any liability in this regard.<br>Acceptance and consent<\/p>\n\n\n\n<p>As User of the Web Site declares to have been informed of the conditions on protection of personal data, accepts and consents to the processing of such data by the Holder in the manner and for the purposes stated in this Privacy Policy.<\/p>\n\n\n\n<p>To contact the Owner, subscribe to a newsletter or make comments on this Web site you must accept this Privacy Policy.<br>Changes in the Privacy Policy<\/p>\n\n\n\n<p>The Owner reserves the right to modify this Privacy Policy to adapt it to new legislation or jurisprudence, as well as to industry practices.<\/p>\n\n\n\n<p>These policies shall remain in effect until modified by other duly published policies.<\/p>\n\n\n\n<p>Bodegas Tierras de Sol SL even if they are free and\/or publicly available.<\/p>\n\n\n\n<p>Bodegas Tierras de Sol SL<\/p>","protected":false},"excerpt":{"rendered":"<p>El Titular le informa sobre su Pol\u00edtica de Privacidad respecto del tratamiento y protecci\u00f3n de los datos de car\u00e1cter personal de los usuarios y clientes que puedan ser recabados durante la navegaci\u00f3n, al comprar un producto o al contratar un servicio a trav\u00e9s del Sitio Web: https:\/\/toraliu.com En este sentido, el Titular garantiza el cumplimiento<br class=\"read-more-spacer\"> <a class=\"more-link\" href=\"https:\/\/toraliu.com\/en\/politica-de-privacidad-2\/\">Read More<\/a><\/p>","protected":false},"author":1,"featured_media":0,"parent":0,"menu_order":0,"comment_status":"closed","ping_status":"closed","template":"","meta":{"footnotes":""},"class_list":["post-3123","page","type-page","status-publish","hentry"],"acf":[],"yoast_head":"<!-- This site is optimized with the Yoast SEO Premium plugin v20.3 (Yoast SEO v27.4) - https:\/\/yoast.com\/product\/yoast-seo-premium-wordpress\/ -->\n<title>Pol\u00edtica de privacidad - Vinos Tora Liu<\/title>\n<meta name=\"robots\" content=\"index, follow, max-snippet:-1, max-image-preview:large, max-video-preview:-1\" \/>\n<link rel=\"canonical\" href=\"https:\/\/toraliu.com\/en\/politica-de-privacidad-2\/\" \/>\n<meta property=\"og:locale\" content=\"en_GB\" \/>\n<meta property=\"og:type\" content=\"article\" \/>\n<meta property=\"og:title\" content=\"Pol\u00edtica de privacidad\" \/>\n<meta property=\"og:description\" content=\"El Titular le informa sobre su Pol\u00edtica de Privacidad respecto del tratamiento y protecci\u00f3n de los datos de car\u00e1cter personal de los usuarios y clientes que puedan ser recabados durante la navegaci\u00f3n, al comprar un producto o al contratar un servicio a trav\u00e9s del Sitio Web: https:\/\/toraliu.com En este sentido, el Titular garantiza el cumplimiento Read More\" \/>\n<meta property=\"og:url\" content=\"https:\/\/toraliu.com\/en\/politica-de-privacidad-2\/\" \/>\n<meta property=\"og:site_name\" content=\"Vinos Tora Liu\" \/>\n<meta property=\"article:modified_time\" content=\"2023-06-01T07:54:09+00:00\" \/>\n<meta name=\"twitter:card\" content=\"summary_large_image\" \/>\n<meta name=\"twitter:label1\" content=\"Estimated reading time\" \/>\n\t<meta name=\"twitter:data1\" content=\"11 minutes\" \/>\n<script type=\"application\/ld+json\" class=\"yoast-schema-graph\">{\"@context\":\"https:\\\/\\\/schema.org\",\"@graph\":[{\"@type\":\"WebPage\",\"@id\":\"https:\\\/\\\/toraliu.com\\\/politica-de-privacidad-2\\\/\",\"url\":\"https:\\\/\\\/toraliu.com\\\/politica-de-privacidad-2\\\/\",\"name\":\"Pol\u00edtica de privacidad - Vinos Tora Liu\",\"isPartOf\":{\"@id\":\"https:\\\/\\\/toraliu.com\\\/#website\"},\"datePublished\":\"2023-06-01T07:04:06+00:00\",\"dateModified\":\"2023-06-01T07:54:09+00:00\",\"breadcrumb\":{\"@id\":\"https:\\\/\\\/toraliu.com\\\/politica-de-privacidad-2\\\/#breadcrumb\"},\"inLanguage\":\"en-GB\",\"potentialAction\":[{\"@type\":\"ReadAction\",\"target\":[\"https:\\\/\\\/toraliu.com\\\/politica-de-privacidad-2\\\/\"]}]},{\"@type\":\"BreadcrumbList\",\"@id\":\"https:\\\/\\\/toraliu.com\\\/politica-de-privacidad-2\\\/#breadcrumb\",\"itemListElement\":[{\"@type\":\"ListItem\",\"position\":1,\"name\":\"Home\",\"item\":\"https:\\\/\\\/toraliu.com\\\/\"},{\"@type\":\"ListItem\",\"position\":2,\"name\":\"Pol\u00edtica de privacidad\"}]},{\"@type\":\"WebSite\",\"@id\":\"https:\\\/\\\/toraliu.com\\\/#website\",\"url\":\"https:\\\/\\\/toraliu.com\\\/\",\"name\":\"Vinos Tora Liu\",\"description\":\"La mejor selecci\u00f3n de vinos espa\u00f1oles\",\"potentialAction\":[{\"@type\":\"SearchAction\",\"target\":{\"@type\":\"EntryPoint\",\"urlTemplate\":\"https:\\\/\\\/toraliu.com\\\/?s={search_term_string}\"},\"query-input\":{\"@type\":\"PropertyValueSpecification\",\"valueRequired\":true,\"valueName\":\"search_term_string\"}}],\"inLanguage\":\"en-GB\"}]}<\/script>\n<!-- \/ Yoast SEO Premium plugin. -->","yoast_head_json":{"title":"Pol\u00edtica de privacidad - Vinos Tora Liu","robots":{"index":"index","follow":"follow","max-snippet":"max-snippet:-1","max-image-preview":"max-image-preview:large","max-video-preview":"max-video-preview:-1"},"canonical":"https:\/\/toraliu.com\/en\/politica-de-privacidad-2\/","og_locale":"en_GB","og_type":"article","og_title":"Pol\u00edtica de privacidad","og_description":"El Titular le informa sobre su Pol\u00edtica de Privacidad respecto del tratamiento y protecci\u00f3n de los datos de car\u00e1cter personal de los usuarios y clientes que puedan ser recabados durante la navegaci\u00f3n, al comprar un producto o al contratar un servicio a trav\u00e9s del Sitio Web: https:\/\/toraliu.com En este sentido, el Titular garantiza el cumplimiento Read More","og_url":"https:\/\/toraliu.com\/en\/politica-de-privacidad-2\/","og_site_name":"Vinos Tora Liu","article_modified_time":"2023-06-01T07:54:09+00:00","twitter_card":"summary_large_image","twitter_misc":{"Estimated reading time":"11 minutes"},"schema":{"@context":"https:\/\/schema.org","@graph":[{"@type":"WebPage","@id":"https:\/\/toraliu.com\/politica-de-privacidad-2\/","url":"https:\/\/toraliu.com\/politica-de-privacidad-2\/","name":"Pol\u00edtica de privacidad - Vinos Tora Liu","isPartOf":{"@id":"https:\/\/toraliu.com\/#website"},"datePublished":"2023-06-01T07:04:06+00:00","dateModified":"2023-06-01T07:54:09+00:00","breadcrumb":{"@id":"https:\/\/toraliu.com\/politica-de-privacidad-2\/#breadcrumb"},"inLanguage":"en-GB","potentialAction":[{"@type":"ReadAction","target":["https:\/\/toraliu.com\/politica-de-privacidad-2\/"]}]},{"@type":"BreadcrumbList","@id":"https:\/\/toraliu.com\/politica-de-privacidad-2\/#breadcrumb","itemListElement":[{"@type":"ListItem","position":1,"name":"Home","item":"https:\/\/toraliu.com\/"},{"@type":"ListItem","position":2,"name":"Pol\u00edtica de privacidad"}]},{"@type":"WebSite","@id":"https:\/\/toraliu.com\/#website","url":"https:\/\/toraliu.com\/","name":"Tora Liu Wines","description":"La mejor selecci\u00f3n de vinos espa\u00f1oles","potentialAction":[{"@type":"SearchAction","target":{"@type":"EntryPoint","urlTemplate":"https:\/\/toraliu.com\/?s={search_term_string}"},"query-input":{"@type":"PropertyValueSpecification","valueRequired":true,"valueName":"search_term_string"}}],"inLanguage":"en-GB"}]}},"_links":{"self":[{"href":"https:\/\/toraliu.com\/en\/wp-json\/wp\/v2\/pages\/3123","targetHints":{"allow":["GET"]}}],"collection":[{"href":"https:\/\/toraliu.com\/en\/wp-json\/wp\/v2\/pages"}],"about":[{"href":"https:\/\/toraliu.com\/en\/wp-json\/wp\/v2\/types\/page"}],"author":[{"embeddable":true,"href":"https:\/\/toraliu.com\/en\/wp-json\/wp\/v2\/users\/1"}],"replies":[{"embeddable":true,"href":"https:\/\/toraliu.com\/en\/wp-json\/wp\/v2\/comments?post=3123"}],"version-history":[{"count":2,"href":"https:\/\/toraliu.com\/en\/wp-json\/wp\/v2\/pages\/3123\/revisions"}],"predecessor-version":[{"id":3134,"href":"https:\/\/toraliu.com\/en\/wp-json\/wp\/v2\/pages\/3123\/revisions\/3134"}],"wp:attachment":[{"href":"https:\/\/toraliu.com\/en\/wp-json\/wp\/v2\/media?parent=3123"}],"curies":[{"name":"wp","href":"https:\/\/api.w.org\/{rel}","templated":true}]}}