{"id":688,"date":"2016-03-27T16:13:09","date_gmt":"2016-03-27T16:13:09","guid":{"rendered":"https:\/\/okthemes.com\/villenoirdarkdemo\/product\/villenoir-sauvignon-blank\/"},"modified":"2024-05-15T13:41:44","modified_gmt":"2024-05-15T13:41:44","slug":"mariposa-de-primavera","status":"publish","type":"product","link":"https:\/\/toraliu.com\/en\/product\/mariposa-de-primavera\/","title":{"rendered":"Spring Butterfly"},"content":{"rendered":"<section class=\"wpb-content-wrapper\"><div class=\"vc_row wpb_row vc_row-fluid vc_custom_1636231000384 vc_row-o-equal-height vc_row-o-content-middle vc_row-flex\"><div class=\"wpb_column vc_column_container vc_col-sm-12 vc_col-lg-6 vc_col-md-6 vc_col-has-fill\"><div class=\"vc_column-inner vc_custom_1636230994456\"><div class=\"wpb_wrapper\">\n\t<div class=\"title-subtitle-box\" style=\" text-align: left;\">\n\t\t<p  style=\"\">TASTING<\/p>\n\t\t<h1 style=\" font-style: normal;\">SENSORY IMPRESSIONS<\/h1>\n\t<\/div> \n\t<div class=\"wpb_text_column wpb_content_element  vc_custom_1685111638135\" >\n\t\t<div class=\"wpb_wrapper\">\n\t\t\t<p class=\"western\" lang=\"en-US\"><span lang=\"es-ES\">Garnet red color with violet tones, good layer. Good nose with many memories of the variety, low forest and tresa caramel. The mouth is powerful, very broad with a lot of fruit load, tresa jam and spices.<\/span><\/p>\n\n\t\t<\/div>\n\t<\/div>\n<\/div><\/div><\/div><div class=\"wpb_column vc_column_container vc_col-sm-12 vc_col-lg-6 vc_col-md-6 vc_hidden-sm vc_hidden-xs vc_col-has-fill\"><div class=\"vc_column-inner vc_custom_1685112461404\"><div class=\"wpb_wrapper\"><div class=\"vc_empty_space\"   style=\"height: 500px\"><span class=\"vc_empty_space_inner\"><\/span><\/div><\/div><\/div><\/div><\/div><div class=\"vc_row wpb_row vc_row-fluid vc_custom_1636231023148 vc_row-o-equal-height vc_row-o-content-middle vc_row-flex\"><div class=\"wpb_column vc_column_container vc_col-sm-12 vc_col-lg-6 vc_col-md-6 vc_hidden-sm vc_hidden-xs vc_col-has-fill\"><div class=\"vc_column-inner vc_custom_1685112703264\"><div class=\"wpb_wrapper\"><div class=\"vc_empty_space\"   style=\"height: 500px\"><span class=\"vc_empty_space_inner\"><\/span><\/div><\/div><\/div><\/div><div class=\"wpb_column vc_column_container vc_col-sm-12 vc_col-lg-6 vc_col-md-6 vc_col-has-fill\"><div class=\"vc_column-inner vc_custom_1636231018665\"><div class=\"wpb_wrapper\">\n\t<div class=\"title-subtitle-box\" style=\" text-align: left;\">\n\t\t<p  style=\"\">Denomination of Origin<\/p>\n\t\t<h1 style=\" font-style: normal;\">D.O. TORO \/ SPAIN<\/h1>\n\t<\/div> \n\t<div class=\"wpb_text_column wpb_content_element\" >\n\t\t<div class=\"wpb_wrapper\">\n\t\t\t<p class=\"western\" lang=\"en-US\">Surface area: &gt; 62,000 ha<\/p>\n<p class=\"western\" lang=\"en-US\"><span lang=\"es-ES\">Climate: The area of this appellation<\/span><span lang=\"es-ES\">is characterized by an extreme dry continental climate influenced by the Atlantic.<\/span><\/p>\n<p class=\"western\" lang=\"en-US\"><span lang=\"es-ES\">Soil: Fluvial origin near the Duero and dry sandy soil away from the Duero.<\/span><\/p>\n<p class=\"western\" lang=\"en-US\"><span lang=\"es-ES\">Altitude: The altitude above sea level of the vineyards ranges between 620 and 750 meters.<\/span><\/p>\n\n\t\t<\/div>\n\t<\/div>\n<\/div><\/div><\/div><\/div><div class=\"vc_row wpb_row vc_row-fluid vc_custom_1636231059071 vc_row-o-equal-height vc_row-o-content-middle vc_row-flex\"><div class=\"wpb_column vc_column_container vc_col-sm-12 vc_col-lg-6 vc_col-md-6 vc_col-has-fill\"><div class=\"vc_column-inner vc_custom_1636231052207\"><div class=\"wpb_wrapper\">\n\t<div class=\"title-subtitle-box\" style=\" text-align: left;\">\n\t\t<p  style=\"\">Suggestions<\/p>\n\t\t<h1 style=\" font-style: normal;\">GASTRONOMIC RECOMMENDATION<\/h1>\n\t<\/div> \n\t<div class=\"wpb_text_column wpb_content_element\" >\n\t\t<div class=\"wpb_wrapper\">\n\t\t\t<p class=\"western\" lang=\"en-US\"><span lang=\"es-ES\">Toro wines fit especially with sweet flavors such as onion, carrot... This wine combines very well with poultry stews, red meats or big game.<\/span><\/p>\n\n\t\t<\/div>\n\t<\/div>\n<\/div><\/div><\/div><div class=\"wpb_column vc_column_container vc_col-sm-12 vc_col-lg-6 vc_col-md-6 vc_hidden-sm vc_hidden-xs vc_col-has-fill\"><div class=\"vc_column-inner vc_custom_1685113459840\"><div class=\"wpb_wrapper\"><div class=\"vc_empty_space\"   style=\"height: 500px\"><span class=\"vc_empty_space_inner\"><\/span><\/div><\/div><\/div><\/div><\/div>\n<\/section>","protected":false},"excerpt":{"rendered":"<p class=\"western\" lang=\"en-US\">TORO \/ SPAIN<\/p>\n<p class=\"western\" lang=\"en-US\">D. O. TORO<\/p>\n<p class=\"western\" lang=\"en-US\">Denomination of Origin<\/p>","protected":false},"featured_media":3150,"template":"","meta":[],"product_brand":[],"product_cat":[27],"product_tag":[34],"class_list":{"0":"post-688","1":"product","2":"type-product","3":"status-publish","4":"has-post-thumbnail","6":"product_cat-red-wines","7":"product_tag-tinto","9":"first","10":"instock","11":"taxable","12":"shipping-taxable","13":"purchasable","14":"product-type-simple"},"acf":[],"yoast_head":"<!-- This site is optimized with the Yoast SEO Premium plugin v20.3 (Yoast SEO v27.3) - https:\/\/yoast.com\/product\/yoast-seo-premium-wordpress\/ -->\n<title>Mariposa de Primavera - Vinos Tora Liu<\/title>\n<meta name=\"robots\" content=\"index, follow, max-snippet:-1, max-image-preview:large, max-video-preview:-1\" \/>\n<link rel=\"canonical\" href=\"https:\/\/toraliu.com\/en\/product\/mariposa-de-primavera\/\" \/>\n<meta property=\"og:locale\" content=\"en_GB\" \/>\n<meta property=\"og:type\" content=\"article\" \/>\n<meta property=\"og:title\" content=\"Mariposa de Primavera\" \/>\n<meta property=\"og:description\" content=\"TORO \/ ESPA\u00d1A D. O. TORO Denominaci\u00f3n de Or\u00edgen\" \/>\n<meta property=\"og:url\" content=\"https:\/\/toraliu.com\/en\/product\/mariposa-de-primavera\/\" \/>\n<meta property=\"og:site_name\" content=\"Vinos Tora Liu\" \/>\n<meta property=\"article:modified_time\" content=\"2024-05-15T13:41:44+00:00\" \/>\n<meta property=\"og:image\" content=\"https:\/\/toraliu.com\/wp-content\/uploads\/2023\/03\/roja-cara1.jpg\" \/>\n\t<meta property=\"og:image:width\" content=\"800\" \/>\n\t<meta property=\"og:image:height\" content=\"800\" \/>\n\t<meta property=\"og:image:type\" content=\"image\/jpeg\" \/>\n<meta name=\"twitter:card\" content=\"summary_large_image\" \/>\n<meta name=\"twitter:label1\" content=\"Estimated reading time\" \/>\n\t<meta name=\"twitter:data1\" content=\"2 minutes\" \/>\n<script type=\"application\/ld+json\" class=\"yoast-schema-graph\">{\"@context\":\"https:\\\/\\\/schema.org\",\"@graph\":[{\"@type\":\"WebPage\",\"@id\":\"https:\\\/\\\/toraliu.com\\\/product\\\/mariposa-de-primavera\\\/\",\"url\":\"https:\\\/\\\/toraliu.com\\\/product\\\/mariposa-de-primavera\\\/\",\"name\":\"Mariposa de Primavera - Vinos Tora Liu\",\"isPartOf\":{\"@id\":\"https:\\\/\\\/toraliu.com\\\/#website\"},\"primaryImageOfPage\":{\"@id\":\"https:\\\/\\\/toraliu.com\\\/product\\\/mariposa-de-primavera\\\/#primaryimage\"},\"image\":{\"@id\":\"https:\\\/\\\/toraliu.com\\\/product\\\/mariposa-de-primavera\\\/#primaryimage\"},\"thumbnailUrl\":\"https:\\\/\\\/toraliu.com\\\/wp-content\\\/uploads\\\/2023\\\/03\\\/roja-cara1.jpg\",\"datePublished\":\"2016-03-27T16:13:09+00:00\",\"dateModified\":\"2024-05-15T13:41:44+00:00\",\"breadcrumb\":{\"@id\":\"https:\\\/\\\/toraliu.com\\\/product\\\/mariposa-de-primavera\\\/#breadcrumb\"},\"inLanguage\":\"en-GB\",\"potentialAction\":[{\"@type\":\"ReadAction\",\"target\":[\"https:\\\/\\\/toraliu.com\\\/product\\\/mariposa-de-primavera\\\/\"]}]},{\"@type\":\"ImageObject\",\"inLanguage\":\"en-GB\",\"@id\":\"https:\\\/\\\/toraliu.com\\\/product\\\/mariposa-de-primavera\\\/#primaryimage\",\"url\":\"https:\\\/\\\/toraliu.com\\\/wp-content\\\/uploads\\\/2023\\\/03\\\/roja-cara1.jpg\",\"contentUrl\":\"https:\\\/\\\/toraliu.com\\\/wp-content\\\/uploads\\\/2023\\\/03\\\/roja-cara1.jpg\",\"width\":800,\"height\":800,\"caption\":\"Mariposa de Primavera- Tinto Toro- Tora & Liu wines\"},{\"@type\":\"BreadcrumbList\",\"@id\":\"https:\\\/\\\/toraliu.com\\\/product\\\/mariposa-de-primavera\\\/#breadcrumb\",\"itemListElement\":[{\"@type\":\"ListItem\",\"position\":1,\"name\":\"Home\",\"item\":\"https:\\\/\\\/toraliu.com\\\/\"},{\"@type\":\"ListItem\",\"position\":2,\"name\":\"Vinos de Espa\u00f1a\",\"item\":\"https:\\\/\\\/toraliu.com\\\/tiendadevinos\\\/\"},{\"@type\":\"ListItem\",\"position\":3,\"name\":\"Mariposa de Primavera\"}]},{\"@type\":\"WebSite\",\"@id\":\"https:\\\/\\\/toraliu.com\\\/#website\",\"url\":\"https:\\\/\\\/toraliu.com\\\/\",\"name\":\"Vinos Tora Liu\",\"description\":\"La mejor selecci\u00f3n de vinos espa\u00f1oles\",\"potentialAction\":[{\"@type\":\"SearchAction\",\"target\":{\"@type\":\"EntryPoint\",\"urlTemplate\":\"https:\\\/\\\/toraliu.com\\\/?s={search_term_string}\"},\"query-input\":{\"@type\":\"PropertyValueSpecification\",\"valueRequired\":true,\"valueName\":\"search_term_string\"}}],\"inLanguage\":\"en-GB\"}]}<\/script>\n<!-- \/ Yoast SEO Premium plugin. -->","yoast_head_json":{"title":"Mariposa de Primavera - Vinos Tora Liu","robots":{"index":"index","follow":"follow","max-snippet":"max-snippet:-1","max-image-preview":"max-image-preview:large","max-video-preview":"max-video-preview:-1"},"canonical":"https:\/\/toraliu.com\/en\/product\/mariposa-de-primavera\/","og_locale":"en_GB","og_type":"article","og_title":"Mariposa de Primavera","og_description":"TORO \/ ESPA\u00d1A D. O. TORO Denominaci\u00f3n de Or\u00edgen","og_url":"https:\/\/toraliu.com\/en\/product\/mariposa-de-primavera\/","og_site_name":"Vinos Tora Liu","article_modified_time":"2024-05-15T13:41:44+00:00","og_image":[{"width":800,"height":800,"url":"https:\/\/toraliu.com\/wp-content\/uploads\/2023\/03\/roja-cara1.jpg","type":"image\/jpeg"}],"twitter_card":"summary_large_image","twitter_misc":{"Estimated reading time":"2 minutes"},"schema":{"@context":"https:\/\/schema.org","@graph":[{"@type":"WebPage","@id":"https:\/\/toraliu.com\/product\/mariposa-de-primavera\/","url":"https:\/\/toraliu.com\/product\/mariposa-de-primavera\/","name":"Mariposa de Primavera - Vinos Tora Liu","isPartOf":{"@id":"https:\/\/toraliu.com\/#website"},"primaryImageOfPage":{"@id":"https:\/\/toraliu.com\/product\/mariposa-de-primavera\/#primaryimage"},"image":{"@id":"https:\/\/toraliu.com\/product\/mariposa-de-primavera\/#primaryimage"},"thumbnailUrl":"https:\/\/toraliu.com\/wp-content\/uploads\/2023\/03\/roja-cara1.jpg","datePublished":"2016-03-27T16:13:09+00:00","dateModified":"2024-05-15T13:41:44+00:00","breadcrumb":{"@id":"https:\/\/toraliu.com\/product\/mariposa-de-primavera\/#breadcrumb"},"inLanguage":"en-GB","potentialAction":[{"@type":"ReadAction","target":["https:\/\/toraliu.com\/product\/mariposa-de-primavera\/"]}]},{"@type":"ImageObject","inLanguage":"en-GB","@id":"https:\/\/toraliu.com\/product\/mariposa-de-primavera\/#primaryimage","url":"https:\/\/toraliu.com\/wp-content\/uploads\/2023\/03\/roja-cara1.jpg","contentUrl":"https:\/\/toraliu.com\/wp-content\/uploads\/2023\/03\/roja-cara1.jpg","width":800,"height":800,"caption":"Mariposa de Primavera- Tinto Toro- Tora & Liu wines"},{"@type":"BreadcrumbList","@id":"https:\/\/toraliu.com\/product\/mariposa-de-primavera\/#breadcrumb","itemListElement":[{"@type":"ListItem","position":1,"name":"Home","item":"https:\/\/toraliu.com\/"},{"@type":"ListItem","position":2,"name":"Vinos de Espa\u00f1a","item":"https:\/\/toraliu.com\/tiendadevinos\/"},{"@type":"ListItem","position":3,"name":"Mariposa de Primavera"}]},{"@type":"WebSite","@id":"https:\/\/toraliu.com\/#website","url":"https:\/\/toraliu.com\/","name":"Tora Liu Wines","description":"La mejor selecci\u00f3n de vinos espa\u00f1oles","potentialAction":[{"@type":"SearchAction","target":{"@type":"EntryPoint","urlTemplate":"https:\/\/toraliu.com\/?s={search_term_string}"},"query-input":{"@type":"PropertyValueSpecification","valueRequired":true,"valueName":"search_term_string"}}],"inLanguage":"en-GB"}]}},"_links":{"self":[{"href":"https:\/\/toraliu.com\/en\/wp-json\/wp\/v2\/product\/688","targetHints":{"allow":["GET"]}}],"collection":[{"href":"https:\/\/toraliu.com\/en\/wp-json\/wp\/v2\/product"}],"about":[{"href":"https:\/\/toraliu.com\/en\/wp-json\/wp\/v2\/types\/product"}],"wp:featuredmedia":[{"embeddable":true,"href":"https:\/\/toraliu.com\/en\/wp-json\/wp\/v2\/media\/3150"}],"wp:attachment":[{"href":"https:\/\/toraliu.com\/en\/wp-json\/wp\/v2\/media?parent=688"}],"wp:term":[{"taxonomy":"product_brand","embeddable":true,"href":"https:\/\/toraliu.com\/en\/wp-json\/wp\/v2\/product_brand?post=688"},{"taxonomy":"product_cat","embeddable":true,"href":"https:\/\/toraliu.com\/en\/wp-json\/wp\/v2\/product_cat?post=688"},{"taxonomy":"product_tag","embeddable":true,"href":"https:\/\/toraliu.com\/en\/wp-json\/wp\/v2\/product_tag?post=688"}],"curies":[{"name":"wp","href":"https:\/\/api.w.org\/{rel}","templated":true}]}}